{"id":77,"date":"2018-01-23T09:18:10","date_gmt":"2018-01-23T08:18:10","guid":{"rendered":"http:\/\/danceweek.waw.pl\/?page_id=77"},"modified":"2024-12-06T12:56:03","modified_gmt":"2024-12-06T11:56:03","slug":"kursy-tanca-dla-doroslych","status":"publish","type":"page","link":"https:\/\/taniec-warszawa.pl\/index.php\/kursy-tanca-dla-doroslych\/","title":{"rendered":"Doro\u015bli Ursyn\u00f3w"},"content":{"rendered":"<h5>Oferta zaj\u0119\u0107 tanecznych dla doros\u0142ych na Ursynowie<\/h5>\n<p>Zapraszamy na kursy ta\u0144ca towarzyskiego dla doros\u0142ych w naszej lokalizacji na Ursynowie<\/p>\n<p>Kursy dla pocz\u0105tkuj\u0105cych s\u0105 idealne dla wszystkich kt\u00f3rzy chc\u0105 rozpocz\u0105\u0107 przygod\u0119 z ta\u0144cem towarzyskim, przygotowa\u0107 si\u0119 do wesela, pierwszego ta\u0144ca , a tak\u017ce do innych okazji tanecznych jak sylwester, studni\u00f3wka, bal, karnawa\u0142.<\/p>\n<p>Na kursy Hobby, zapraszamy wszystkich, kt\u00f3rzy uczestniczyli ju\u017c w naszych kursach ta\u0144ca jak r\u00f3wnie\u017c osoby, kt\u00f3re uczy\u0142y si\u0119 w innych szko\u0142ach ta\u0144ca i pragn\u0105 kontynuowa\u0107 zaj\u0119cia w grupie dla \u015brednio-zaawansowanych i zaawansowanych \u2013 czyli w grupie Hobby.<\/p>\n<p>Op\u0142aty za kurs s\u0105 naliczane s\u0105 miesi\u0119cznie.<br \/>\nNauka ta\u0144ca odbywa si\u0119 w cyklach 3 miesi\u0119cznych, kt\u00f3re mo\u017cna kontynuowa\u0107.<br \/>\nUmo\u017cliwi to dostosowanie czasu kursu do Twoich potrzeb.<\/p>\n<h5>Program kursu ta\u0144ca dla pocz\u0105tkuj\u0105cych zawiera:<\/h5>\n<p>Ta\u0144ce latynoameryka\u0144skie (samba, salsa, cha-cha, rumba, jive)<br \/>\nTa\u0144ce standardowe (walc angielski, walc wiede\u0144ski, tango)<br \/>\nOraz ta\u0144ce u\u017cytkowe na bazie tych ta\u0144c\u00f3w (disco samba, disco fox, rock&amp;roll)<br \/>\nPo ka\u017cdym naszym kursie, nauk\u0119 ta\u0144ca mo\u017cna kontynuowa\u0107 dalej.<\/p>\n<p>Program kursu ta\u0144ca dla doros\u0142ych zaawansowanych jest rozszerzony o technik\u0119 taneczn\u0105 i zakres figur ta\u0144c\u00f3w latynoameryka\u0144skich oraz standardowych a tak\u017ce o kolejne ta\u0144ce latynoameryka\u0144skie i standardowe ze \u015awiatowego Programu Ta\u0144ca Towarzyskiego (fokstrot, quickstep, paso doble)<\/p>\n<p>Uczestnicy kurs\u00f3w ta\u0144ca w grupie Hobby mog\u0105 korzysta\u0107 z mo\u017cliwo\u015bci startu w turniejach tanecznych zar\u00f3wno w klasie Hobby jak i w klasach sportowych.<\/p>\n","protected":false},"excerpt":{"rendered":"<p>Oferta zaj\u0119\u0107 tanecznych dla doros\u0142ych na Ursynowie Zapraszamy na kursy ta\u0144ca towarzyskiego dla doros\u0142ych w naszej lokalizacji na Ursynowie Kursy dla pocz\u0105tkuj\u0105cych s\u0105 idealne dla wszystkich kt\u00f3rzy chc\u0105 rozpocz\u0105\u0107 przygod\u0119 &hellip; <\/p>\n","protected":false},"author":1,"featured_media":0,"parent":0,"menu_order":0,"comment_status":"closed","ping_status":"closed","template":"","meta":{"footnotes":""},"class_list":["post-77","page","type-page","status-publish","hentry"],"_links":{"self":[{"href":"https:\/\/taniec-warszawa.pl\/index.php\/wp-json\/wp\/v2\/pages\/77","targetHints":{"allow":["GET"]}}],"collection":[{"href":"https:\/\/taniec-warszawa.pl\/index.php\/wp-json\/wp\/v2\/pages"}],"about":[{"href":"https:\/\/taniec-warszawa.pl\/index.php\/wp-json\/wp\/v2\/types\/page"}],"author":[{"embeddable":true,"href":"https:\/\/taniec-warszawa.pl\/index.php\/wp-json\/wp\/v2\/users\/1"}],"replies":[{"embeddable":true,"href":"https:\/\/taniec-warszawa.pl\/index.php\/wp-json\/wp\/v2\/comments?post=77"}],"version-history":[{"count":11,"href":"https:\/\/taniec-warszawa.pl\/index.php\/wp-json\/wp\/v2\/pages\/77\/revisions"}],"predecessor-version":[{"id":1492,"href":"https:\/\/taniec-warszawa.pl\/index.php\/wp-json\/wp\/v2\/pages\/77\/revisions\/1492"}],"wp:attachment":[{"href":"https:\/\/taniec-warszawa.pl\/index.php\/wp-json\/wp\/v2\/media?parent=77"}],"curies":[{"name":"wp","href":"https:\/\/api.w.org\/{rel}","templated":true}]}}