{"id":37,"date":"2018-01-22T22:17:38","date_gmt":"2018-01-22T21:17:38","guid":{"rendered":"http:\/\/danceweek.waw.pl\/?page_id=37"},"modified":"2024-01-15T10:03:56","modified_gmt":"2024-01-15T09:03:56","slug":"kontakt-i-zapisy","status":"publish","type":"page","link":"https:\/\/taniec-warszawa.pl\/index.php\/kontakt-i-zapisy\/","title":{"rendered":"Zapisy"},"content":{"rendered":"<p><strong>Prosimy o wype\u0142nienie formularza zg\u0142oszeniowego w celu rezerwacji miejsca na kursie ta\u0144ca.<\/strong><\/p>\n<h1><strong>Potwierdzenie zg\u0142oszenia prze\u015blemy na dwa dni przed kursem.<\/strong><\/h1>\n<p>Wys\u0142anie zg\u0142oszenia jest r\u00f3wnoznaczne z wyra\u017ceniem zgody na przetwarzanie Pa\u0144stwa danych w celu wys\u0142ania potwierdzenia zg\u0142oszenia na zaj\u0119cia oraz do umo\u017cliwienia ewentualnego kontaktu z Pa\u0144stwem w\u00a0sprawach zwi\u0105zanych z kursem ta\u0144ca.\u00a0 Liczba zg\u0142osze\u0144 pozwala nam r\u00f3wnie\u017c oszacowa\u0107 ile par przyjdzie na kurs ta\u0144ca. Dane s\u0105 gromadzone na zewn\u0119trznym serwerze pocztowym, nast\u0119pnie na dyskach nale\u017c\u0105cych do Szko\u0142y Ta\u0144ca Danceweek przez okres 5 lat. W przypadku zg\u0142osze\u0144 telefonicznych lub mailowych, dodajemy dane takie jak Imi\u0119, Nazwisko, telefon, email do bazy z list\u0105 uczestnik\u00f3w kursu ta\u0144ca przechowywanej przez okres 5 lat.\u00a0 \u00a0(Dyrektywa 95\/46\/WE).\u00a0<strong>Dane osobowe nie s\u0105 udost\u0119pniane innym podmiotom.<\/strong><\/p>\n\n<div class=\"wpcf7 no-js\" id=\"wpcf7-f35-o1\" lang=\"pl-PL\" dir=\"ltr\">\n<div class=\"screen-reader-response\"><p role=\"status\" aria-live=\"polite\" aria-atomic=\"true\"><\/p> <ul><\/ul><\/div>\n<form action=\"\/index.php\/wp-json\/wp\/v2\/pages\/37#wpcf7-f35-o1\" method=\"post\" class=\"wpcf7-form init\" aria-label=\"Formularz kontaktowy\" novalidate=\"novalidate\" data-status=\"init\">\n<div style=\"display: none;\">\n<input type=\"hidden\" name=\"_wpcf7\" value=\"35\" \/>\n<input type=\"hidden\" name=\"_wpcf7_version\" value=\"5.7.7\" \/>\n<input type=\"hidden\" name=\"_wpcf7_locale\" value=\"pl_PL\" \/>\n<input type=\"hidden\" name=\"_wpcf7_unit_tag\" value=\"wpcf7-f35-o1\" \/>\n<input type=\"hidden\" name=\"_wpcf7_container_post\" value=\"0\" \/>\n<input type=\"hidden\" name=\"_wpcf7_posted_data_hash\" value=\"\" \/>\n<\/div>\n<p><label> Imi\u0119 i nazwisko (wymagane)<br \/>\n<span class=\"wpcf7-form-control-wrap\" data-name=\"your-name\"><input size=\"40\" class=\"wpcf7-form-control wpcf7-text wpcf7-validates-as-required\" aria-required=\"true\" aria-invalid=\"false\" value=\"\" type=\"text\" name=\"your-name\" \/><\/span> <\/label><br \/>\n<label> Imi\u0119 i nazwisko (wystarczy podanie jednej osoby z pary)<br \/>\n<span class=\"wpcf7-form-control-wrap\" data-name=\"your-name-2\"><input size=\"40\" class=\"wpcf7-form-control wpcf7-text\" aria-invalid=\"false\" value=\"\" type=\"text\" name=\"your-name-2\" \/><\/span> <\/label>\n<\/p>\n<p><label> Adres email (zalecane - nie jest wymagane)<br \/>\n<span class=\"wpcf7-form-control-wrap\" data-name=\"your-email\"><input size=\"40\" class=\"wpcf7-form-control wpcf7-text wpcf7-email wpcf7-validates-as-email\" aria-invalid=\"false\" value=\"\" type=\"email\" name=\"your-email\" \/><\/span> <\/label>\n<\/p>\n<p><label> Telefon (wymagane)<br \/>\n<span class=\"wpcf7-form-control-wrap\" data-name=\"tel\"><input size=\"40\" class=\"wpcf7-form-control wpcf7-text wpcf7-tel wpcf7-validates-as-required wpcf7-validates-as-tel\" aria-required=\"true\" aria-invalid=\"false\" value=\"\" type=\"tel\" name=\"tel\" \/><\/span> <\/label>\n<\/p>\n<p><label> <strong>Prosz\u0119 wybra\u0107 kurs z listy rozwijanej:<\/strong><br \/>\n<span class=\"wpcf7-form-control-wrap\" data-name=\"kursy\"><select class=\"wpcf7-form-control wpcf7-select\" aria-invalid=\"false\" name=\"kursy\"><option value=\"Ursyn\u00f3w  Kurs Doro\u015bli  - ul. Lachmana 5 - wtorki godz.20:30 od 09.06.2026\">Ursyn\u00f3w  Kurs Doro\u015bli  - ul. Lachmana 5 - wtorki godz.20:30 od 09.06.2026<\/option><option value=\"Targ\u00f3wek Kurs Doro\u015bli  - ul. Wysockiego 11 - \u015brody godz.20:30 od 13.05.2026\">Targ\u00f3wek Kurs Doro\u015bli  - ul. Wysockiego 11 - \u015brody godz.20:30 od 13.05.2026<\/option><option value=\"Inny temat\">Inny temat<\/option><\/select><\/span><br \/>\n<\/label><br \/>\n<strong>Prosz\u0119 wpisa\u0107 odpowied\u017a i zaznaczy\u0107 zgod\u0119 celem wys\u0142ania zg\u0142oszenia.<\/strong><br \/>\n<span class=\"wpcf7-form-control-wrap\" data-name=\"quiz-469\"><label><span class=\"wpcf7-quiz-label\">Ile to dwa plus dwa? Prosz\u0119 wpisa\u0107 s\u0142owo.<\/span> <input size=\"40\" class=\"wpcf7-form-control wpcf7-quiz\" autocomplete=\"off\" aria-required=\"true\" aria-invalid=\"false\" type=\"text\" name=\"quiz-469\" \/><\/label><input type=\"hidden\" name=\"_wpcf7_quiz_answer_quiz-469\" value=\"93aa5fb194fdcc738492b09104550c63\" \/><\/span><br \/>\n<span class=\"wpcf7-form-control-wrap\" data-name=\"acceptance-484\"><span class=\"wpcf7-form-control wpcf7-acceptance\"><span class=\"wpcf7-list-item\"><label><input type=\"checkbox\" name=\"acceptance-484\" value=\"1\" aria-invalid=\"false\" \/><span class=\"wpcf7-list-item-label\">Zgadzam si\u0119 na przes\u0142anie danych w celu umo\u017cliwienia kontaktu ze mn\u0105 w sprawie kursu ta\u0144ca.<\/span><\/label><\/span><\/span><\/span>\n<\/p>\n<p><label> Prosimy o skorzystanie z formularza, je\u015bli chc\u0105 Pa\u0144stwo wys\u0142a\u0107 wiadomo\u015b\u0107 w innej sprawie:<br \/>\n<span class=\"wpcf7-form-control-wrap\" data-name=\"your-message\"><textarea cols=\"40\" rows=\"10\" class=\"wpcf7-form-control wpcf7-textarea\" aria-invalid=\"false\" name=\"your-message\"><\/textarea><\/span> <\/label>\n<\/p>\n<p><input class=\"wpcf7-form-control has-spinner wpcf7-submit\" type=\"submit\" value=\"Wy\u015blij\" \/>\n<\/p><div class=\"wpcf7-response-output\" aria-hidden=\"true\"><\/div>\n<\/form>\n<\/div>\n\n\n\n<p>Potwierdzenia zg\u0142osze\u0144 przesy\u0142amy na dwa dni przed kursem.<\/p>\n","protected":false},"excerpt":{"rendered":"<p>Prosimy o wype\u0142nienie formularza zg\u0142oszeniowego w celu rezerwacji miejsca na kursie ta\u0144ca. Potwierdzenie zg\u0142oszenia prze\u015blemy na dwa dni przed kursem. Wys\u0142anie zg\u0142oszenia jest r\u00f3wnoznaczne z wyra\u017ceniem zgody na przetwarzanie Pa\u0144stwa &hellip; <\/p>\n","protected":false},"author":1,"featured_media":0,"parent":0,"menu_order":0,"comment_status":"closed","ping_status":"closed","template":"","meta":{"footnotes":""},"class_list":["post-37","page","type-page","status-publish","hentry"],"_links":{"self":[{"href":"https:\/\/taniec-warszawa.pl\/index.php\/wp-json\/wp\/v2\/pages\/37","targetHints":{"allow":["GET"]}}],"collection":[{"href":"https:\/\/taniec-warszawa.pl\/index.php\/wp-json\/wp\/v2\/pages"}],"about":[{"href":"https:\/\/taniec-warszawa.pl\/index.php\/wp-json\/wp\/v2\/types\/page"}],"author":[{"embeddable":true,"href":"https:\/\/taniec-warszawa.pl\/index.php\/wp-json\/wp\/v2\/users\/1"}],"replies":[{"embeddable":true,"href":"https:\/\/taniec-warszawa.pl\/index.php\/wp-json\/wp\/v2\/comments?post=37"}],"version-history":[{"count":17,"href":"https:\/\/taniec-warszawa.pl\/index.php\/wp-json\/wp\/v2\/pages\/37\/revisions"}],"predecessor-version":[{"id":1372,"href":"https:\/\/taniec-warszawa.pl\/index.php\/wp-json\/wp\/v2\/pages\/37\/revisions\/1372"}],"wp:attachment":[{"href":"https:\/\/taniec-warszawa.pl\/index.php\/wp-json\/wp\/v2\/media?parent=37"}],"curies":[{"name":"wp","href":"https:\/\/api.w.org\/{rel}","templated":true}]}}