{"id":109,"date":"2018-01-23T09:59:36","date_gmt":"2018-01-23T08:59:36","guid":{"rendered":"http:\/\/danceweek.waw.pl\/index.php\/cookie-policy\/"},"modified":"2018-02-02T09:17:42","modified_gmt":"2018-02-02T08:17:42","slug":"cookie-policy","status":"publish","type":"page","link":"https:\/\/taniec-warszawa.pl\/index.php\/cookie-policy\/","title":{"rendered":"Cookie Policy"},"content":{"rendered":"<p>Nasza strona korzysta z cookies, kt\u00f3re s\u0142u\u017c\u0105 do pozyskiwania informacji o ruchu na stronie. Ciasteczka mo\u017cna wy\u0142\u0105czy\u0107 w opcjach przegl\u0105darki.<\/p>\n","protected":false},"excerpt":{"rendered":"<p>Nasza strona korzysta z cookies, kt\u00f3re s\u0142u\u017c\u0105 do pozyskiwania informacji o ruchu na stronie. Ciasteczka mo\u017cna wy\u0142\u0105czy\u0107 w opcjach przegl\u0105darki.<\/p>\n","protected":false},"author":1,"featured_media":0,"parent":0,"menu_order":0,"comment_status":"closed","ping_status":"closed","template":"","meta":{"footnotes":""},"class_list":["post-109","page","type-page","status-publish","hentry"],"_links":{"self":[{"href":"https:\/\/taniec-warszawa.pl\/index.php\/wp-json\/wp\/v2\/pages\/109","targetHints":{"allow":["GET"]}}],"collection":[{"href":"https:\/\/taniec-warszawa.pl\/index.php\/wp-json\/wp\/v2\/pages"}],"about":[{"href":"https:\/\/taniec-warszawa.pl\/index.php\/wp-json\/wp\/v2\/types\/page"}],"author":[{"embeddable":true,"href":"https:\/\/taniec-warszawa.pl\/index.php\/wp-json\/wp\/v2\/users\/1"}],"replies":[{"embeddable":true,"href":"https:\/\/taniec-warszawa.pl\/index.php\/wp-json\/wp\/v2\/comments?post=109"}],"version-history":[{"count":2,"href":"https:\/\/taniec-warszawa.pl\/index.php\/wp-json\/wp\/v2\/pages\/109\/revisions"}],"predecessor-version":[{"id":188,"href":"https:\/\/taniec-warszawa.pl\/index.php\/wp-json\/wp\/v2\/pages\/109\/revisions\/188"}],"wp:attachment":[{"href":"https:\/\/taniec-warszawa.pl\/index.php\/wp-json\/wp\/v2\/media?parent=109"}],"curies":[{"name":"wp","href":"https:\/\/api.w.org\/{rel}","templated":true}]}}